{"id":104,"date":"2020-12-18T18:42:12","date_gmt":"2020-12-18T18:42:12","guid":{"rendered":"http:\/\/hlnplastik.com.tr\/?page_id=104"},"modified":"2023-09-10T11:03:44","modified_gmt":"2023-09-10T11:03:44","slug":"home-ana-sayfa","status":"publish","type":"page","link":"https:\/\/hlnplastik.com.tr\/?page_id=104","title":{"rendered":"HOME-ANA SAYFA"},"content":{"rendered":"\n<figure class=\"wp-block-image size-full\"><img loading=\"lazy\" decoding=\"async\" width=\"945\" height=\"201\" src=\"http:\/\/hlnplastik.com.tr\/wp-content\/uploads\/2023\/09\/logo_ritmo-2.jpg\" alt=\"\" class=\"wp-image-213\" srcset=\"https:\/\/hlnplastik.com.tr\/wp-content\/uploads\/2023\/09\/logo_ritmo-2.jpg 945w, https:\/\/hlnplastik.com.tr\/wp-content\/uploads\/2023\/09\/logo_ritmo-2-300x64.jpg 300w, https:\/\/hlnplastik.com.tr\/wp-content\/uploads\/2023\/09\/logo_ritmo-2-768x163.jpg 768w\" sizes=\"auto, (max-width: 767px) 89vw, (max-width: 1000px) 54vw, (max-width: 1071px) 543px, 580px\" \/><\/figure>\n\n\n\n<p><strong>HLN &#8211; PLAST<\/strong> firmas\u0131 altyap\u0131 ve in\u015faat sekt\u00f6r\u00fcne en do\u011fru ve kaliteli \u00fcr\u00fcnleri sunmaktad\u0131r.<br><br>\u0130talyayan <strong>Ritmo S.p.A<\/strong> firmas\u0131n\u0131n yasal T\u00fcrkiye Sat\u0131\u015f, Bak\u0131m, onar\u0131m ve kalibrasyon merkeziyiz.<br><br>Bu do\u011frultuda sekt\u00f6r\u00fcn en deneyimli \u00fcreticileriyle i\u015f birli\u011fi yap\u0131yoruz.<br><br><br><strong>HLN &#8211; PLAST <\/strong>company provide the most accurate and qualified products to the infrastructure and construction sector.<br><br>We are the legal T\u00fcrkiye Sales, Maintenance, repair and calibration center of the Italian company <strong>Ritmo S.p.A.<\/strong><br><br>In this direction, we cooperate with the most experienced manufacturers in the sector.<br><\/p>\n","protected":false},"excerpt":{"rendered":"<p>HLN &#8211; PLAST firmas\u0131 altyap\u0131 ve in\u015faat sekt\u00f6r\u00fcne en do\u011fru ve kaliteli \u00fcr\u00fcnleri sunmaktad\u0131r. \u0130talyayan Ritmo S.p.A firmas\u0131n\u0131n yasal T\u00fcrkiye Sat\u0131\u015f, Bak\u0131m, onar\u0131m ve kalibrasyon merkeziyiz. Bu do\u011frultuda sekt\u00f6r\u00fcn en deneyimli \u00fcreticileriyle i\u015f birli\u011fi yap\u0131yoruz. HLN &#8211; PLAST company provide the most accurate and qualified products to the infrastructure and construction sector. We are the &hellip; <\/p>\n<p class=\"link-more\"><a href=\"https:\/\/hlnplastik.com.tr\/?page_id=104\" class=\"more-link\">Okumaya devam et<span class=\"screen-reader-text\"> &#8220;HOME-ANA SAYFA&#8221;<\/span><\/a><\/p>\n","protected":false},"author":1,"featured_media":0,"parent":0,"menu_order":0,"comment_status":"closed","ping_status":"closed","template":"","meta":{"footnotes":""},"class_list":["post-104","page","type-page","status-publish","hentry"],"_links":{"self":[{"href":"https:\/\/hlnplastik.com.tr\/index.php?rest_route=\/wp\/v2\/pages\/104","targetHints":{"allow":["GET"]}}],"collection":[{"href":"https:\/\/hlnplastik.com.tr\/index.php?rest_route=\/wp\/v2\/pages"}],"about":[{"href":"https:\/\/hlnplastik.com.tr\/index.php?rest_route=\/wp\/v2\/types\/page"}],"author":[{"embeddable":true,"href":"https:\/\/hlnplastik.com.tr\/index.php?rest_route=\/wp\/v2\/users\/1"}],"replies":[{"embeddable":true,"href":"https:\/\/hlnplastik.com.tr\/index.php?rest_route=%2Fwp%2Fv2%2Fcomments&post=104"}],"version-history":[{"count":15,"href":"https:\/\/hlnplastik.com.tr\/index.php?rest_route=\/wp\/v2\/pages\/104\/revisions"}],"predecessor-version":[{"id":217,"href":"https:\/\/hlnplastik.com.tr\/index.php?rest_route=\/wp\/v2\/pages\/104\/revisions\/217"}],"wp:attachment":[{"href":"https:\/\/hlnplastik.com.tr\/index.php?rest_route=%2Fwp%2Fv2%2Fmedia&parent=104"}],"curies":[{"name":"wp","href":"https:\/\/api.w.org\/{rel}","templated":true}]}}