{"id":148,"date":"2022-02-13T11:55:11","date_gmt":"2022-02-13T11:55:11","guid":{"rendered":"http:\/\/hlnplastik.com.tr\/?page_id=148"},"modified":"2023-09-10T11:13:54","modified_gmt":"2023-09-10T11:13:54","slug":"company-firma","status":"publish","type":"page","link":"https:\/\/hlnplastik.com.tr\/?page_id=148","title":{"rendered":"COMPANY-F\u0130RMA"},"content":{"rendered":"\n<p><strong>HLN &#8211; PLAST<\/strong> 2019 y\u0131l\u0131nda genel merkezi \u0130stanbul T\u00fcrkiye&#8217;de kurulmu\u015ftur ve firma olarak sekt\u00f6r\u00fcnde lider firmalar ile i\u015fbirli\u011fi yapmaktad\u0131r. <br><br>Ayr\u0131ca \u0130talyan firmas\u0131 olan<strong> Ritmo S.p.A<\/strong> firmas\u0131n\u0131n yasal T\u00fcrkiye sat\u0131\u015f, bak\u0131m, onar\u0131m ve kalibrasyon merkezidir. <br><br>Altyap\u0131 ve in\u015faat sekt\u00f6r\u00fcn\u00fcn yan\u0131 s\u0131ra \u00f6zellikle su ve gaz sekt\u00f6r\u00fcnde tedarik ve bertaraf alan\u0131ndaki uzun y\u0131llara dayanan deneyimimiz bizi g\u00fcvenilir bir ortak haline getiriyor.<br><br><strong>HLN &#8211; PLAST <\/strong>was established in 2019 with its headquarters in Istanbul, Turkey, and as a company, it cooperates with leading companies in its sector.<br><br>Also the legal Turkey sales, maintenance, repair and calibration center of the Italian company <strong>Ritmo S.p.A.<\/strong><br><br>Our many years of experience in the infrastructure and construction industry, as well as supply and disposal, especially in the water and gas sector, make us a reliable partner.\u00a0\u200b<\/p>\n\n\n\n<p><\/p>\n","protected":false},"excerpt":{"rendered":"<p>HLN &#8211; PLAST 2019 y\u0131l\u0131nda genel merkezi \u0130stanbul T\u00fcrkiye&#8217;de kurulmu\u015ftur ve firma olarak sekt\u00f6r\u00fcnde lider firmalar ile i\u015fbirli\u011fi yapmaktad\u0131r. Ayr\u0131ca \u0130talyan firmas\u0131 olan Ritmo S.p.A firmas\u0131n\u0131n yasal T\u00fcrkiye sat\u0131\u015f, bak\u0131m, onar\u0131m ve kalibrasyon merkezidir. Altyap\u0131 ve in\u015faat sekt\u00f6r\u00fcn\u00fcn yan\u0131 s\u0131ra \u00f6zellikle su ve gaz sekt\u00f6r\u00fcnde tedarik ve bertaraf alan\u0131ndaki uzun y\u0131llara dayanan deneyimimiz bizi g\u00fcvenilir &hellip; <\/p>\n<p class=\"link-more\"><a href=\"https:\/\/hlnplastik.com.tr\/?page_id=148\" class=\"more-link\">Okumaya devam et<span class=\"screen-reader-text\"> &#8220;COMPANY-F\u0130RMA&#8221;<\/span><\/a><\/p>\n","protected":false},"author":1,"featured_media":0,"parent":0,"menu_order":0,"comment_status":"closed","ping_status":"closed","template":"","meta":{"footnotes":""},"class_list":["post-148","page","type-page","status-publish","hentry"],"_links":{"self":[{"href":"https:\/\/hlnplastik.com.tr\/index.php?rest_route=\/wp\/v2\/pages\/148","targetHints":{"allow":["GET"]}}],"collection":[{"href":"https:\/\/hlnplastik.com.tr\/index.php?rest_route=\/wp\/v2\/pages"}],"about":[{"href":"https:\/\/hlnplastik.com.tr\/index.php?rest_route=\/wp\/v2\/types\/page"}],"author":[{"embeddable":true,"href":"https:\/\/hlnplastik.com.tr\/index.php?rest_route=\/wp\/v2\/users\/1"}],"replies":[{"embeddable":true,"href":"https:\/\/hlnplastik.com.tr\/index.php?rest_route=%2Fwp%2Fv2%2Fcomments&post=148"}],"version-history":[{"count":5,"href":"https:\/\/hlnplastik.com.tr\/index.php?rest_route=\/wp\/v2\/pages\/148\/revisions"}],"predecessor-version":[{"id":219,"href":"https:\/\/hlnplastik.com.tr\/index.php?rest_route=\/wp\/v2\/pages\/148\/revisions\/219"}],"wp:attachment":[{"href":"https:\/\/hlnplastik.com.tr\/index.php?rest_route=%2Fwp%2Fv2%2Fmedia&parent=148"}],"curies":[{"name":"wp","href":"https:\/\/api.w.org\/{rel}","templated":true}]}}