{"id":152,"date":"2022-02-13T11:57:00","date_gmt":"2022-02-13T11:57:00","guid":{"rendered":"http:\/\/hlnplastik.com.tr\/?page_id=152"},"modified":"2023-09-10T11:52:42","modified_gmt":"2023-09-10T11:52:42","slug":"download-indir","status":"publish","type":"page","link":"https:\/\/hlnplastik.com.tr\/?page_id=152","title":{"rendered":"DOWNLOAD-\u0130ND\u0130R"},"content":{"rendered":"\n<p><strong>\u00dcr\u00fcnlerin tam listesi i\u00e7in Ritmo S.p.A linki.<br>Ritmo S.p.A link for full list of products. <\/strong><em><strong><br>https:\/\/www.ritmo.it\/assets\/uploads\/2019\/06\/Products-Catalogue-2021-ENG.pdf<\/strong><\/em><\/p>\n","protected":false},"excerpt":{"rendered":"<p>\u00dcr\u00fcnlerin tam listesi i\u00e7in Ritmo S.p.A linki.Ritmo S.p.A link for full list of products. https:\/\/www.ritmo.it\/assets\/uploads\/2019\/06\/Products-Catalogue-2021-ENG.pdf<\/p>\n","protected":false},"author":1,"featured_media":0,"parent":0,"menu_order":0,"comment_status":"closed","ping_status":"closed","template":"","meta":{"footnotes":""},"class_list":["post-152","page","type-page","status-publish","hentry"],"_links":{"self":[{"href":"https:\/\/hlnplastik.com.tr\/index.php?rest_route=\/wp\/v2\/pages\/152","targetHints":{"allow":["GET"]}}],"collection":[{"href":"https:\/\/hlnplastik.com.tr\/index.php?rest_route=\/wp\/v2\/pages"}],"about":[{"href":"https:\/\/hlnplastik.com.tr\/index.php?rest_route=\/wp\/v2\/types\/page"}],"author":[{"embeddable":true,"href":"https:\/\/hlnplastik.com.tr\/index.php?rest_route=\/wp\/v2\/users\/1"}],"replies":[{"embeddable":true,"href":"https:\/\/hlnplastik.com.tr\/index.php?rest_route=%2Fwp%2Fv2%2Fcomments&post=152"}],"version-history":[{"count":4,"href":"https:\/\/hlnplastik.com.tr\/index.php?rest_route=\/wp\/v2\/pages\/152\/revisions"}],"predecessor-version":[{"id":253,"href":"https:\/\/hlnplastik.com.tr\/index.php?rest_route=\/wp\/v2\/pages\/152\/revisions\/253"}],"wp:attachment":[{"href":"https:\/\/hlnplastik.com.tr\/index.php?rest_route=%2Fwp%2Fv2%2Fmedia&parent=152"}],"curies":[{"name":"wp","href":"https:\/\/api.w.org\/{rel}","templated":true}]}}