{"id":91,"date":"2020-12-15T09:56:29","date_gmt":"2020-12-15T09:56:29","guid":{"rendered":"http:\/\/hlnplastik.com.tr\/?page_id=91"},"modified":"2023-09-10T11:44:51","modified_gmt":"2023-09-10T11:44:51","slug":"product-urunler","status":"publish","type":"page","link":"https:\/\/hlnplastik.com.tr\/?page_id=91","title":{"rendered":"PRODUCTS-\u00dcR\u00dcNLER"},"content":{"rendered":"\n<p><strong><em>\u00dcR\u00dcNLER <\/em><\/strong>&#8211; <strong><em>QUALIFIED PRODUCTS <\/em><\/strong><\/p>\n\n\n\n<p><\/p>\n\n\n\n<figure class=\"wp-block-image size-large is-resized\"><img loading=\"lazy\" decoding=\"async\" src=\"http:\/\/hlnplastik.com.tr\/wp-content\/uploads\/2023\/09\/STARGUN-UNO-1024x719.jpg\" alt=\"\" class=\"wp-image-241\" style=\"width:321px;height:224px\" width=\"321\" height=\"224\" srcset=\"https:\/\/hlnplastik.com.tr\/wp-content\/uploads\/2023\/09\/STARGUN-UNO-1024x719.jpg 1024w, https:\/\/hlnplastik.com.tr\/wp-content\/uploads\/2023\/09\/STARGUN-UNO-768x539.jpg 768w, https:\/\/hlnplastik.com.tr\/wp-content\/uploads\/2023\/09\/STARGUN-UNO.jpg 1188w\" sizes=\"auto, (max-width: 321px) 100vw, 321px\" \/><figcaption class=\"wp-element-caption\"><strong>STARGUN EL EXTRUDER KAYNAK MAK\u0130NASI &#8211; EXTRUDER WELDING MACHINE<br>B\u00dcT\u00dcN \u00dcR\u00dcNLER\u0130N DETAYLARI \u0130\u00c7\u0130N: https:\/\/www.ritmo.it\/en\/category\/extrusion-welders\/<\/strong><\/figcaption><\/figure>\n\n\n\n<figure class=\"wp-block-image size-large is-resized\"><img loading=\"lazy\" decoding=\"async\" src=\"http:\/\/hlnplastik.com.tr\/wp-content\/uploads\/2019\/09\/3.jpg\" alt=\"\" class=\"wp-image-42\" style=\"width:321px;height:224px\" width=\"321\" height=\"224\" srcset=\"https:\/\/hlnplastik.com.tr\/wp-content\/uploads\/2019\/09\/3.jpg 382w, https:\/\/hlnplastik.com.tr\/wp-content\/uploads\/2019\/09\/3-300x209.jpg 300w\" sizes=\"auto, (max-width: 321px) 100vw, 321px\" \/><figcaption class=\"wp-element-caption\"><strong>ALIN KAYNAK MAK\u0130NASI VE ELEKTRO F\u00dcSYON KAYNAK MAK\u0130NASI<\/strong>     <br><strong> BUTT AND ELECTRO FUSION WELDING MACHINES<\/strong><br><strong>B\u00dcT\u00dcN \u00dcR\u00dcNLER\u0130N DETAYLARI \u0130\u00c7\u0130N: https:\/\/www.ritmo.it\/en\/category\/butt-fusion-for-pressure-pipe\/<\/strong><br><strong>https:\/\/www.ritmo.it\/en\/category\/electro-fusion\/<\/strong><\/figcaption><\/figure>\n\n\n\n<figure class=\"wp-block-image size-large is-resized\"><img loading=\"lazy\" decoding=\"async\" src=\"http:\/\/hlnplastik.com.tr\/wp-content\/uploads\/2020\/12\/1-3.jpg\" alt=\"\" class=\"wp-image-78\" style=\"width:291px;height:188px\" width=\"291\" height=\"188\"\/><figcaption class=\"wp-element-caption\"><strong>HDPE EK PAR\u00c7ALARI <\/strong>    <br><strong>HDPE  FITTINGS<\/strong><\/figcaption><\/figure>\n\n\n\n<figure class=\"wp-block-image size-large is-resized\"><img loading=\"lazy\" decoding=\"async\" src=\"http:\/\/hlnplastik.com.tr\/wp-content\/uploads\/2019\/09\/7.jpg\" alt=\"\" class=\"wp-image-45\" style=\"width:322px;height:227px\" width=\"322\" height=\"227\" srcset=\"https:\/\/hlnplastik.com.tr\/wp-content\/uploads\/2019\/09\/7.jpg 390w, https:\/\/hlnplastik.com.tr\/wp-content\/uploads\/2019\/09\/7-300x212.jpg 300w\" sizes=\"auto, (max-width: 322px) 100vw, 322px\" \/><figcaption class=\"wp-element-caption\">       <strong>INFLATABLE TEST PLUGS<\/strong><\/figcaption><\/figure>\n\n\n\n<figure class=\"wp-block-image size-large is-resized\"><img loading=\"lazy\" decoding=\"async\" src=\"http:\/\/hlnplastik.com.tr\/wp-content\/uploads\/2019\/09\/10.jpg\" alt=\"\" class=\"wp-image-47\" style=\"width:342px;height:348px\" width=\"342\" height=\"348\"\/><figcaption class=\"wp-element-caption\"><strong>KORUGE BORU VE EK PAR\u00c7ALARI<\/strong>    <br><strong>CORRUGATED PIPE AND FITTINGS <\/strong><\/figcaption><\/figure>\n\n\n\n<figure class=\"wp-block-image size-large is-resized\"><img loading=\"lazy\" decoding=\"async\" src=\"http:\/\/hlnplastik.com.tr\/wp-content\/uploads\/2019\/09\/6.jpg\" alt=\"\" class=\"wp-image-44\" style=\"width:345px;height:290px\" width=\"345\" height=\"290\" srcset=\"https:\/\/hlnplastik.com.tr\/wp-content\/uploads\/2019\/09\/6.jpg 327w, https:\/\/hlnplastik.com.tr\/wp-content\/uploads\/2019\/09\/6-300x252.jpg 300w\" sizes=\"auto, (max-width: 345px) 100vw, 345px\" \/><figcaption class=\"wp-element-caption\">          <strong>VANA &#8211; VALVE<\/strong><\/figcaption><\/figure>\n\n\n\n<p><\/p>\n","protected":false},"excerpt":{"rendered":"<p>\u00dcR\u00dcNLER &#8211; QUALIFIED PRODUCTS<\/p>\n","protected":false},"author":1,"featured_media":0,"parent":0,"menu_order":0,"comment_status":"closed","ping_status":"closed","template":"","meta":{"footnotes":""},"class_list":["post-91","page","type-page","status-publish","hentry"],"_links":{"self":[{"href":"https:\/\/hlnplastik.com.tr\/index.php?rest_route=\/wp\/v2\/pages\/91","targetHints":{"allow":["GET"]}}],"collection":[{"href":"https:\/\/hlnplastik.com.tr\/index.php?rest_route=\/wp\/v2\/pages"}],"about":[{"href":"https:\/\/hlnplastik.com.tr\/index.php?rest_route=\/wp\/v2\/types\/page"}],"author":[{"embeddable":true,"href":"https:\/\/hlnplastik.com.tr\/index.php?rest_route=\/wp\/v2\/users\/1"}],"replies":[{"embeddable":true,"href":"https:\/\/hlnplastik.com.tr\/index.php?rest_route=%2Fwp%2Fv2%2Fcomments&post=91"}],"version-history":[{"count":21,"href":"https:\/\/hlnplastik.com.tr\/index.php?rest_route=\/wp\/v2\/pages\/91\/revisions"}],"predecessor-version":[{"id":246,"href":"https:\/\/hlnplastik.com.tr\/index.php?rest_route=\/wp\/v2\/pages\/91\/revisions\/246"}],"wp:attachment":[{"href":"https:\/\/hlnplastik.com.tr\/index.php?rest_route=%2Fwp%2Fv2%2Fmedia&parent=91"}],"curies":[{"name":"wp","href":"https:\/\/api.w.org\/{rel}","templated":true}]}}